{"id":207,"date":"2021-04-18T17:24:35","date_gmt":"2021-04-18T15:24:35","guid":{"rendered":"http:\/\/bswelectric.fr\/?page_id=207"},"modified":"2021-04-18T18:06:44","modified_gmt":"2021-04-18T16:06:44","slug":"emploi-ou-stage-nous-recrutons","status":"publish","type":"page","link":"https:\/\/bswelectric.fr\/index.php\/emploi-ou-stage-nous-recrutons\/","title":{"rendered":"Nous recrutons !"},"content":{"rendered":"<p>Nous cherchons des collaborateurs autonomes capables d\u2019accompagner le d\u00e9veloppement de notre activit\u00e9 et de mettre en place, en concertation, des solutions techniques tout aussi efficaces qu\u2019innovantes aupr\u00e8s de notre client\u00e8le.<\/p>\n<p>Nous transmettons \u00e9galement notre\u00a0savoir-faire \u00e0 de nombreux jeunes en formation afin de d\u00e9velopper leurs comp\u00e9tences comme leur esprit d\u2019initiative.<\/p>\n<p>BSW ELECTRIC valorise au sein de son \u00e9quipe la coh\u00e9sion et la bonne ex\u00e9cution, garantissant ainsi l\u2019enti\u00e8re satisfaction de tous les acteurs du projet.<\/p>\n<p>Si vous souhaitez int\u00e9grer notre \u00e9quipe, d\u00e9posez votre candidature \u00e0 l\u2019adresse mail <a href=\"mailto:contact@bswelectric.fr\">contact@bswelectric.fr<\/a> en transmettant votre CV et un descriptif de votre recherche.<\/p>\n","protected":false},"excerpt":{"rendered":"<p>Nous cherchons des collaborateurs autonomes capables d\u2019accompagner le d\u00e9veloppement de notre activit\u00e9 et de mettre en place, en concertation, des solutions techniques tout aussi efficaces qu\u2019innovantes aupr\u00e8s de notre client\u00e8le. Nous transmettons \u00e9galement notre\u00a0savoir-faire \u00e0 de nombreux jeunes en formation afin de d\u00e9velopper leurs comp\u00e9tences comme leur esprit d\u2019initiative. BSW ELECTRIC valorise au sein de &hellip; <\/p>\n<p class=\"link-more\"><a href=\"https:\/\/bswelectric.fr\/index.php\/emploi-ou-stage-nous-recrutons\/\" class=\"more-link\">Continuer la lecture<span class=\"screen-reader-text\"> de &laquo;&nbsp;Nous recrutons !&nbsp;&raquo;<\/span><\/a><\/p>\n","protected":false},"author":1,"featured_media":218,"parent":0,"menu_order":0,"comment_status":"closed","ping_status":"closed","template":"","meta":{"footnotes":""},"_links":{"self":[{"href":"https:\/\/bswelectric.fr\/index.php\/wp-json\/wp\/v2\/pages\/207"}],"collection":[{"href":"https:\/\/bswelectric.fr\/index.php\/wp-json\/wp\/v2\/pages"}],"about":[{"href":"https:\/\/bswelectric.fr\/index.php\/wp-json\/wp\/v2\/types\/page"}],"author":[{"embeddable":true,"href":"https:\/\/bswelectric.fr\/index.php\/wp-json\/wp\/v2\/users\/1"}],"replies":[{"embeddable":true,"href":"https:\/\/bswelectric.fr\/index.php\/wp-json\/wp\/v2\/comments?post=207"}],"version-history":[{"count":8,"href":"https:\/\/bswelectric.fr\/index.php\/wp-json\/wp\/v2\/pages\/207\/revisions"}],"predecessor-version":[{"id":227,"href":"https:\/\/bswelectric.fr\/index.php\/wp-json\/wp\/v2\/pages\/207\/revisions\/227"}],"wp:featuredmedia":[{"embeddable":true,"href":"https:\/\/bswelectric.fr\/index.php\/wp-json\/wp\/v2\/media\/218"}],"wp:attachment":[{"href":"https:\/\/bswelectric.fr\/index.php\/wp-json\/wp\/v2\/media?parent=207"}],"curies":[{"name":"wp","href":"https:\/\/api.w.org\/{rel}","templated":true}]}}