{"id":231,"date":"2021-04-18T18:12:19","date_gmt":"2021-04-18T16:12:19","guid":{"rendered":"https:\/\/bswelectric.fr\/?page_id=231"},"modified":"2024-09-11T08:58:35","modified_gmt":"2024-09-11T06:58:35","slug":"nos-prestations-et-domaines-de-competences","status":"publish","type":"page","link":"https:\/\/bswelectric.fr\/index.php\/nos-prestations-et-domaines-de-competences\/","title":{"rendered":"Nos prestations et domaines de comp\u00e9tences"},"content":{"rendered":"<p><strong>\u00c9tude \u2013 Suivi\/Accompagnement \u2013 Conseil \u2013 Audit :<br \/>\n<\/strong><\/p>\n<ul>\n<li>R\u00e9alisation de lan d\u2019ex\u00e9cution avec Autocad CFO \/ CFA \u2013<\/li>\n<li>\u00c9tude d\u2019\u00e9clairement Dialux<\/li>\n<li>Bilan de puissance.<\/li>\n<li>Note de calcul Caneco BT<\/li>\n<li>\u00c9tude Enedis<\/li>\n<li>\u00c9tude France t\u00e9l\u00e9coms Orange<\/li>\n<\/ul>\n<p><strong>Courant fort :<\/strong><\/p>\n<ul>\n<li>Construction neuve \u2013 R\u00e9novation lourde NF C 14 100 \u2013 NF C 15100<\/li>\n<li>B\u00e2timent tertiaire<\/li>\n<li>Logement connect\u00e9<\/li>\n<li>Mise en s\u00e9curit\u00e9 ou mise en conformit\u00e9<\/li>\n<li>PV injection r\u00e9seau et\/ou auto-consommation<\/li>\n<\/ul>\n<p><strong>Courant faible :<\/strong><\/p>\n<ul>\n<li>Contr\u00f4le d\u2019acc\u00e8s audio\/vid\u00e9o<\/li>\n<li>R\u00e9seaux informatiques : VDI, Distribution RJ45 et baie informatique, DTIO\/DTI, borne wifi intelligente, stockage de donn\u00e9es, report d\u2019information.<\/li>\n<li>R\u00e9seaux terrestres UHF\/FM<\/li>\n<li>R\u00e9seaux c\u00e2bles num\u00e9ric\u00e2ble<\/li>\n<li>R\u00e9seau cuivre et fibre optique<\/li>\n<\/ul>\n<p><strong>Les autres prestations :\u00a0<\/strong><\/p>\n<ul>\n<li>Tout type de d\u00e9pannage en \u00e9lectricit\u00e9 \u2013 24\/24 \u2013 7\/7<\/li>\n<li>Sourcing solution aupr\u00e8s de nouveau fabricant \u2013 Recherche et d\u00e9veloppement<\/li>\n<li>Maintenance \u2013 Autocontr\u00f4le \u00e0 chaque \u00e9tape de votre projet<\/li>\n<li>Service apr\u00e8s vente constructeur<\/li>\n<\/ul>\n","protected":false},"excerpt":{"rendered":"<p>\u00c9tude \u2013 Suivi\/Accompagnement \u2013 Conseil \u2013 Audit : R\u00e9alisation de lan d\u2019ex\u00e9cution avec Autocad CFO \/ CFA \u2013 \u00c9tude d\u2019\u00e9clairement Dialux Bilan de puissance. Note de calcul Caneco BT \u00c9tude Enedis \u00c9tude France t\u00e9l\u00e9coms Orange Courant fort : Construction neuve \u2013 R\u00e9novation lourde NF C 14 100 \u2013 NF C 15100 B\u00e2timent tertiaire Logement connect\u00e9 &hellip; <\/p>\n<p class=\"link-more\"><a href=\"https:\/\/bswelectric.fr\/index.php\/nos-prestations-et-domaines-de-competences\/\" class=\"more-link\">Continuer la lecture<span class=\"screen-reader-text\"> de &laquo;&nbsp;Nos prestations et domaines de comp\u00e9tences&nbsp;&raquo;<\/span><\/a><\/p>\n","protected":false},"author":1,"featured_media":315,"parent":0,"menu_order":0,"comment_status":"closed","ping_status":"closed","template":"","meta":{"footnotes":""},"_links":{"self":[{"href":"https:\/\/bswelectric.fr\/index.php\/wp-json\/wp\/v2\/pages\/231"}],"collection":[{"href":"https:\/\/bswelectric.fr\/index.php\/wp-json\/wp\/v2\/pages"}],"about":[{"href":"https:\/\/bswelectric.fr\/index.php\/wp-json\/wp\/v2\/types\/page"}],"author":[{"embeddable":true,"href":"https:\/\/bswelectric.fr\/index.php\/wp-json\/wp\/v2\/users\/1"}],"replies":[{"embeddable":true,"href":"https:\/\/bswelectric.fr\/index.php\/wp-json\/wp\/v2\/comments?post=231"}],"version-history":[{"count":4,"href":"https:\/\/bswelectric.fr\/index.php\/wp-json\/wp\/v2\/pages\/231\/revisions"}],"predecessor-version":[{"id":333,"href":"https:\/\/bswelectric.fr\/index.php\/wp-json\/wp\/v2\/pages\/231\/revisions\/333"}],"wp:featuredmedia":[{"embeddable":true,"href":"https:\/\/bswelectric.fr\/index.php\/wp-json\/wp\/v2\/media\/315"}],"wp:attachment":[{"href":"https:\/\/bswelectric.fr\/index.php\/wp-json\/wp\/v2\/media?parent=231"}],"curies":[{"name":"wp","href":"https:\/\/api.w.org\/{rel}","templated":true}]}}