{"id":28,"date":"2018-12-11T11:52:27","date_gmt":"2018-12-11T10:52:27","guid":{"rendered":"http:\/\/bswelectric.fr\/?page_id=28"},"modified":"2022-09-04T15:36:12","modified_gmt":"2022-09-04T13:36:12","slug":"accueil","status":"publish","type":"page","link":"https:\/\/bswelectric.fr\/","title":{"rendered":"A propos de nous"},"content":{"rendered":"<p><b>BSW ELECTRIC<\/b> est une entreprise cr\u00e9\u00e9e en 2011, sp\u00e9cialis\u00e9e en installations \u00e9lectriques. En 2015, la structure s\u2019agrandit et devient une nouvelle soci\u00e9t\u00e9 par actions simplifi\u00e9e au capital de 7000 Euros. Elle est <b>agr\u00e9\u00e9e Mairie de Paris et Qualifelec.<\/b><\/p>\r\n<p>Nous r\u00e9alisons tout types d\u2019\u00e9tudes et travaux d\u2019\u00e9lectricit\u00e9 CFO\/CFA dans le cadre de projet de constructions neuves, r\u00e9habilitations, maintenances et d\u00e9pannages. Nous travaillons en partenariat avec plusieurs bureaux d\u2019\u00e9tudes, fabricants, architectes, prescripteurs, pour garantir la meilleure qualit\u00e9 de service.<\/p>\r\n<p>L\u2019entreprise BSW c\u2019est plus de 1000 installations r\u00e9alis\u00e9es avec des professionnels dans des domaines vari\u00e9s.<\/p>\r\n<p>Nous d\u00e9ployons nos solutions techniques sur des secteurs d\u2019activit\u00e9s et des environnements divers tels que :<\/p>\r\n<ul>\r\n<li>Le secteur r\u00e9sidentiel : R\u00e9novation\/entretien et am\u00e9lioration de l\u2019habitat individuel et collectif<\/li>\r\n<li>Le secteur industriel : Int\u00e9gration, exploitation, maintenance des \u00e9quipements \u00e9lectriques, automatisme<\/li>\r\n<li>Le secteur tertiaire : Construction neuve (BBC), bureau et locaux d\u2019entreprises, h\u00f4tellerie et restauration, r\u00e9novation de magasins, \u00e9coles, etc..<\/li>\r\n<\/ul>\r\n<p>Notre client\u00e8le est constitu\u00e9e de 70% de professionnels et 30% de particuliers. Soucieux de proposer des solutions efficientes \u00e0 nos clients, nous sommes fiers de compter 97% de retours positifs sur nos prestations.<\/p>\r\n<p>Rigoureux dans la r\u00e9alisation de notre savoir-faire, nous tenons \u00e9galement \u00e0 une \u00e9thique et un savoir-\u00eatre bas\u00e9 sur un sens du service exigent. L\u2019\u00e9coute, l\u2019adaptabilit\u00e9, la r\u00e9activit\u00e9 et la durabilit\u00e9 sont les valeurs qui caract\u00e9risent notre \u00e9tat d\u2019esprit.<\/p>\r\n<p>Cordialement<\/p>\r\n<p><b>L\u2019Equipe BSW ELECTRIC<\/b><\/p>\r\n\r\n<p class=\"wp-block-gallery-1 is-layout-flex wp-block-gallery-is-layout-flex\">&nbsp;<\/p>\r\n","protected":false},"excerpt":{"rendered":"<p>BSW ELECTRIC est une entreprise cr\u00e9\u00e9e en 2011, sp\u00e9cialis\u00e9e en installations \u00e9lectriques. En 2015, la structure s\u2019agrandit et devient une nouvelle soci\u00e9t\u00e9 par actions simplifi\u00e9e au capital de 7000 Euros. Elle est agr\u00e9\u00e9e Mairie de Paris et Qualifelec. Nous r\u00e9alisons tout types d\u2019\u00e9tudes et travaux d\u2019\u00e9lectricit\u00e9 CFO\/CFA dans le cadre de projet de constructions neuves, &hellip; <\/p>\n<p class=\"link-more\"><a href=\"https:\/\/bswelectric.fr\/\" class=\"more-link\">Continuer la lecture<span class=\"screen-reader-text\"> de &laquo;&nbsp;A propos de nous&nbsp;&raquo;<\/span><\/a><\/p>\n","protected":false},"author":1,"featured_media":77,"parent":0,"menu_order":0,"comment_status":"closed","ping_status":"closed","template":"","meta":{"footnotes":""},"_links":{"self":[{"href":"https:\/\/bswelectric.fr\/index.php\/wp-json\/wp\/v2\/pages\/28"}],"collection":[{"href":"https:\/\/bswelectric.fr\/index.php\/wp-json\/wp\/v2\/pages"}],"about":[{"href":"https:\/\/bswelectric.fr\/index.php\/wp-json\/wp\/v2\/types\/page"}],"author":[{"embeddable":true,"href":"https:\/\/bswelectric.fr\/index.php\/wp-json\/wp\/v2\/users\/1"}],"replies":[{"embeddable":true,"href":"https:\/\/bswelectric.fr\/index.php\/wp-json\/wp\/v2\/comments?post=28"}],"version-history":[{"count":13,"href":"https:\/\/bswelectric.fr\/index.php\/wp-json\/wp\/v2\/pages\/28\/revisions"}],"predecessor-version":[{"id":313,"href":"https:\/\/bswelectric.fr\/index.php\/wp-json\/wp\/v2\/pages\/28\/revisions\/313"}],"wp:featuredmedia":[{"embeddable":true,"href":"https:\/\/bswelectric.fr\/index.php\/wp-json\/wp\/v2\/media\/77"}],"wp:attachment":[{"href":"https:\/\/bswelectric.fr\/index.php\/wp-json\/wp\/v2\/media?parent=28"}],"curies":[{"name":"wp","href":"https:\/\/api.w.org\/{rel}","templated":true}]}}